{"id":366,"date":"2020-02-04T16:09:27","date_gmt":"2020-02-04T19:09:27","guid":{"rendered":"https:\/\/formulandobeleza.com.br\/especial\/?page_id=366"},"modified":"2021-03-28T15:34:42","modified_gmt":"2021-03-28T18:34:42","slug":"e-book-formulas-para-pele-oleosa-mista-e-acneica","status":"publish","type":"page","link":"https:\/\/formulandobeleza.com.br\/especial\/e-book-formulas-para-pele-oleosa-mista-e-acneica\/","title":{"rendered":"E-book: F\u00f3rmulas para Pele oleosa, mista e acneica"},"content":{"rendered":"<p>[et_pb_section fb_built=&#8221;1&#8243; _builder_version=&#8221;4.0.7&#8243; custom_padding=&#8221;19px||4px|||&#8221;][et_pb_row column_structure=&#8221;2_5,3_5&#8243; _builder_version=&#8221;4.0.7&#8243;][et_pb_column type=&#8221;2_5&#8243; _builder_version=&#8221;4.0.7&#8243;][et_pb_image src=&#8221;https:\/\/formulandobeleza.com.br\/especial\/wp-content\/uploads\/2019\/11\/logo-fundo-transparente.png&#8221; align=&#8221;center&#8221; _builder_version=&#8221;4.0.7&#8243; width=&#8221;57%&#8221; module_alignment=&#8221;center&#8221; custom_margin=&#8221;|164px||||&#8221;][\/et_pb_image][\/et_pb_column][et_pb_column type=&#8221;3_5&#8243; _builder_version=&#8221;4.0.7&#8243;][et_pb_text _builder_version=&#8221;4.2.2&#8243; header_2_font=&#8221;|||on|||||&#8221; header_2_line_height=&#8221;1.5em&#8221;]<\/p>\n<h2>COMO CONTROLAR A OLEOSIDADE, O BRILHO EXCESSIVO, CRAVOS E ESPINHAS DA SUA PELE <strong style=\"font-size: 120%;\">em 15 dias<\/strong> USANDO F\u00d3RMULAS MANIPULADAS COM PRE\u00c7O ACESS\u00cdVEL<\/h2>\n<p>[\/et_pb_text][\/et_pb_column][\/et_pb_row][\/et_pb_section][et_pb_section fb_built=&#8221;1&#8243; prev_background_color=&#8221;#ffffff&#8221; _builder_version=&#8221;4.0.7&#8243; background_color=&#8221;#f7f0c5&#8243; custom_padding=&#8221;93px||3px|||&#8221; top_divider_style=&#8221;clouds2&#8243;][et_pb_row _builder_version=&#8221;4.3.3&#8243; width=&#8221;67.8%&#8221;][et_pb_column _builder_version=&#8221;4.3.3&#8243; type=&#8221;4_4&#8243;][et_pb_video src=&#8221;https:\/\/formulandobeleza.com.br\/especial\/wp-content\/uploads\/2021\/03\/PELE-MISTA-E-ACNEICA.mp4&#8243; _builder_version=&#8221;4.3.3&#8243; hover_enabled=&#8221;0&#8243;][\/et_pb_video][et_pb_button button_url=&#8221;https:\/\/sun.eduzz.com\/309507&#8243; url_new_window=&#8221;on&#8221; button_text=&#8221;Sim eu quero uma pele mais bonita!&#8221; button_alignment=&#8221;center&#8221; _builder_version=&#8221;4.2.2&#8243; custom_button=&#8221;on&#8221; button_text_color=&#8221;#ffffff&#8221; button_bg_color=&#8221;#e09900&#8243; button_border_color=&#8221;rgba(0,0,0,0)&#8221; button_border_radius=&#8221;50px&#8221; locked=&#8221;off&#8221;][\/et_pb_button][\/et_pb_column][\/et_pb_row][\/et_pb_section][et_pb_section fb_built=&#8221;1&#8243; _builder_version=&#8221;4.0.7&#8243; background_color=&#8221;#ffffff&#8221; custom_margin=&#8221;1px|||||&#8221; custom_padding=&#8221;77px||3px|||&#8221; top_divider_style=&#8221;clouds2&#8243; top_divider_color=&#8221;#f7f0c5&#8243; top_divider_flip=&#8221;vertical&#8221;][\/et_pb_section][et_pb_section fb_built=&#8221;1&#8243; _builder_version=&#8221;4.0.7&#8243; background_color=&#8221;#f7f0c5&#8243; custom_margin=&#8221;1px|||||&#8221; custom_padding=&#8221;77px||3px|||&#8221; top_divider_style=&#8221;clouds2&#8243; top_divider_color=&#8221;#ffffff&#8221; top_divider_flip=&#8221;vertical&#8221;][et_pb_row column_structure=&#8221;1_2,1_2&#8243; _builder_version=&#8221;4.2.2&#8243;][et_pb_column type=&#8221;1_2&#8243; _builder_version=&#8221;4.2.2&#8243;][et_pb_image src=&#8221;https:\/\/formulandobeleza.com.br\/especial\/wp-content\/uploads\/2019\/11\/capaS-3D.png&#8221; align=&#8221;center&#8221; _builder_version=&#8221;4.0.7&#8243;][\/et_pb_image][\/et_pb_column][et_pb_column type=&#8221;1_2&#8243; _builder_version=&#8221;4.2.2&#8243;][et_pb_text _builder_version=&#8221;4.0.7&#8243; text_text_color=&#8221;#000000&#8243; text_font_size=&#8221;16px&#8221; header_2_font=&#8221;|600||on|||||&#8221; header_2_text_align=&#8221;center&#8221; header_2_line_height=&#8221;1.5em&#8221;]<\/p>\n<h2>Qual o valor do investimento?<\/h2>\n<p>[\/et_pb_text][et_pb_text _builder_version=&#8221;4.3.3&#8243; text_font_size=&#8221;16px&#8221; header_3_font=&#8221;|600|||||||&#8221; header_3_text_align=&#8221;center&#8221; header_3_text_color=&#8221;#706925&#8243; header_3_line_height=&#8221;1.7em&#8221; hover_enabled=&#8221;0&#8243;]<\/p>\n<h2 style=\"text-align: center;\">POR APENAS<\/h2>\n<h2 style=\"text-align: center;\">R$ 197,00 a vista<br \/> ou 12 x no cart\u00e3o de cr\u00e9dito!<\/h2>\n<p>[\/et_pb_text][et_pb_button button_url=&#8221;https:\/\/sun.eduzz.com\/309507&#8243; url_new_window=&#8221;on&#8221; button_text=&#8221;Sim eu quero uma pele mais bonita!&#8221; button_alignment=&#8221;center&#8221; _builder_version=&#8221;4.2.2&#8243; custom_button=&#8221;on&#8221; button_text_color=&#8221;#ffffff&#8221; button_bg_color=&#8221;#e09900&#8243; button_border_color=&#8221;rgba(0,0,0,0)&#8221; button_border_radius=&#8221;50px&#8221; locked=&#8221;off&#8221;][\/et_pb_button][et_pb_image src=&#8221;https:\/\/formulandobeleza.com.br\/especial\/wp-content\/uploads\/2019\/11\/selos.png&#8221; align=&#8221;center&#8221; _builder_version=&#8221;4.0.7&#8243;][\/et_pb_image][\/et_pb_column][\/et_pb_row][\/et_pb_section][et_pb_section fb_built=&#8221;1&#8243; module_id=&#8221;oferta&#8221; _builder_version=&#8221;4.0.7&#8243; background_color=&#8221;#ffffff&#8221; custom_margin=&#8221;1px|||||&#8221; custom_padding=&#8221;77px||3px|||&#8221; top_divider_style=&#8221;clouds2&#8243; top_divider_color=&#8221;#f7f0c5&#8243; top_divider_flip=&#8221;vertical&#8221;][et_pb_row column_structure=&#8221;1_2,1_2&#8243; _builder_version=&#8221;4.0.7&#8243;][et_pb_column type=&#8221;1_2&#8243; _builder_version=&#8221;4.0.7&#8243;][et_pb_image src=&#8221;https:\/\/formulandobeleza.com.br\/especial\/wp-content\/uploads\/2019\/11\/selo-garantia.png&#8221; align=&#8221;center&#8221; _builder_version=&#8221;4.0.7&#8243;][\/et_pb_image][et_pb_image src=&#8221;https:\/\/formulandobeleza.com.br\/especial\/wp-content\/uploads\/2019\/11\/selos.png&#8221; align=&#8221;center&#8221; _builder_version=&#8221;4.0.7&#8243;][\/et_pb_image][\/et_pb_column][et_pb_column type=&#8221;1_2&#8243; _builder_version=&#8221;4.0.7&#8243;][et_pb_text _builder_version=&#8221;4.0.7&#8243; text_text_color=&#8221;#000000&#8243; text_font_size=&#8221;16px&#8221; header_2_font=&#8221;|600||on|||||&#8221; header_2_text_align=&#8221;center&#8221; header_2_line_height=&#8221;1.5em&#8221;]<\/p>\n<h2>Garantia de Satisfa\u00e7\u00e3o!<\/h2>\n<p>[\/et_pb_text][et_pb_text _builder_version=&#8221;4.0.9&#8243; text_font_size=&#8221;16px&#8221; header_3_font=&#8221;|600|||||||&#8221; header_3_text_align=&#8221;center&#8221; header_3_text_color=&#8221;#706925&#8243; header_3_font_size=&#8221;20px&#8221; header_3_line_height=&#8221;1.7em&#8221;]<\/p>\n<h3>Plataforma de compra totalmente segura!<\/h3>\n<p>Ap\u00f3s a compra do livro, voc\u00ea poder\u00e1 tirar suas d\u00favidas sobre as formula\u00e7\u00f5es.<br \/>\nAjudaremos voc\u00ea na escolha mais adequada para o momento de sua pele ou o tipo dela. Isso poder\u00e1 ser feito em uma sess\u00e3o agendada por Skype ou atrav\u00e9s do nosso  WhatsApp.[\/et_pb_text][et_pb_button button_url=&#8221;https:\/\/sun.eduzz.com\/309507&#8243; url_new_window=&#8221;on&#8221; button_text=&#8221;Sim eu quero uma pele mais bonita!&#8221; button_alignment=&#8221;center&#8221; _builder_version=&#8221;4.2.2&#8243; custom_button=&#8221;on&#8221; button_text_color=&#8221;#ffffff&#8221; button_bg_color=&#8221;#e09900&#8243; button_border_color=&#8221;rgba(0,0,0,0)&#8221; button_border_radius=&#8221;50px&#8221; locked=&#8221;off&#8221;][\/et_pb_button][\/et_pb_column][\/et_pb_row][\/et_pb_section][et_pb_section fb_built=&#8221;1&#8243; _builder_version=&#8221;4.0.7&#8243; background_color=&#8221;#ffffff&#8221; custom_margin=&#8221;1px|||||&#8221; custom_padding=&#8221;100px||3px|||&#8221; top_divider_style=&#8221;clouds2&#8243; top_divider_color=&#8221;#f7f0c5&#8243; top_divider_flip=&#8221;vertical&#8221;][et_pb_row _builder_version=&#8221;4.0.7&#8243;][et_pb_column type=&#8221;4_4&#8243; _builder_version=&#8221;4.0.7&#8243;][et_pb_text _builder_version=&#8221;4.0.7&#8243; text_text_color=&#8221;#000000&#8243; text_font_size=&#8221;16px&#8221; header_2_font=&#8221;|600||on|||||&#8221; header_2_text_align=&#8221;center&#8221; header_2_line_height=&#8221;1.5em&#8221;]<\/p>\n<h2>Perguntas frequentes respondidas<\/h2>\n<p>[\/et_pb_text][\/et_pb_column][\/et_pb_row][et_pb_row column_structure=&#8221;1_2,1_2&#8243; _builder_version=&#8221;4.0.7&#8243;][et_pb_column type=&#8221;1_2&#8243; _builder_version=&#8221;4.0.7&#8243;][et_pb_toggle title=&#8221;As f\u00f3rmulas manipuladas indicadas s\u00e3o seguras?&#8221; open=&#8221;on&#8221; _builder_version=&#8221;4.0.9&#8243;]Sim. Todas as f\u00f3rmulas s\u00e3o seguras e n\u00e3o necessitam de receita m\u00e9dica. J\u00e1 foram usadas e testadas por centenas de clientes.<\/p>\n<p>Se voc\u00ea \u00e9 uma pessoa al\u00e9rgica deve procurar orienta\u00e7\u00e3o m\u00e9dica antes de usar, ou fazer o teste do produto em um pequeno local antes de aplicar no rosto todo.<\/p>\n<p>Recomendamos atr\u00e1s da orelha. Aguarde 24 horas e se n\u00e3o houver rea\u00e7\u00e3o, poder\u00e1 usar normalmente como indicado nos protocolos.[\/et_pb_toggle][et_pb_toggle title=&#8221;Tenho alergias ou restri\u00e7\u00f5es alimentares, devo procurar um m\u00e9dico?&#8221; open=&#8221;on&#8221; _builder_version=&#8221;4.0.9&#8243;]Apesar de todas as f\u00f3rmulas recomendadas serem seguras e as receitas de manipula\u00e7\u00e3o estarem na dosagem certa, voc\u00ea deve ficar atenta e, se voc\u00ea tem restri\u00e7\u00f5es ou alergias, \u00e9 importante que procure um profissional de sa\u00fade especializado para avaliar o os protocolos antes de come\u00e7ar.<\/p>\n<p>As f\u00f3rmulas manipuladas funcionam, as pessoas melhoram a pele e a mant\u00e9m mais saud\u00e1vel, o que \u00e9 mais importante.[\/et_pb_toggle][\/et_pb_column][et_pb_column type=&#8221;1_2&#8243; _builder_version=&#8221;4.0.7&#8243;][et_pb_toggle title=&#8221;Em quanto tempo eu posso come\u00e7ar a ver resultados?&#8221; open=&#8221;on&#8221; _builder_version=&#8221;4.0.7&#8243;]Os resultados variam de pessoa para pessoa e dependem da dedica\u00e7\u00e3o em seguir o programa, as f\u00f3rmulas e protocolos.<\/p>\n<p>De acordo com os resultados dos nossos clientes e se voc\u00ea fizer tudo direitinho em 15 dias vai estar com a oleosidade, o aspecto sujo, cravos e espinhas controlados![\/et_pb_toggle][et_pb_toggle title=&#8221;A partir do momento que eu compro, em quanto tempo eu recebo o conte\u00fado?&#8221; open=&#8221;on&#8221; _builder_version=&#8221;4.0.9&#8243;]Ao realizar a compra voc\u00ea vai informar seu e-mail (verifique se digitou corretamente) e vai receber o link para baixar o livro digital (e-book) imediatamente ap\u00f3s a confirma\u00e7\u00e3o de sua compra.<\/p>\n<p>Lembre-se de que pagamentos realizados com boleto podem demorar at\u00e9 48 para serem confirmados.<\/p>\n<p>Pagamentos realizados com cart\u00e3o de cr\u00e9dito normalmente s\u00e3o confirmados na hora e seu acesso \u00e9 liberado imediatamente ap\u00f3s confirma\u00e7\u00e3o.[\/et_pb_toggle][\/et_pb_column][\/et_pb_row][\/et_pb_section][et_pb_section fb_built=&#8221;1&#8243; _builder_version=&#8221;4.0.7&#8243; background_color=&#8221;#ffffff&#8221; custom_padding=&#8221;19px||4px|||&#8221; locked=&#8221;off&#8221;][et_pb_row _builder_version=&#8221;4.0.7&#8243;][et_pb_column type=&#8221;4_4&#8243; _builder_version=&#8221;4.0.7&#8243;][et_pb_image src=&#8221;https:\/\/formulandobeleza.com.br\/especial\/wp-content\/uploads\/2019\/11\/logo-fundo-transparente.png&#8221; align=&#8221;center&#8221; _builder_version=&#8221;4.0.7&#8243; width=&#8221;20%&#8221; module_alignment=&#8221;center&#8221; custom_margin=&#8221;|164px||||&#8221;][\/et_pb_image][\/et_pb_column][\/et_pb_row][\/et_pb_section]<\/p>\n","protected":false},"excerpt":{"rendered":"<p>[et_pb_section fb_built=&#8221;1&#8243; _builder_version=&#8221;4.0.7&#8243; custom_padding=&#8221;19px||4px|||&#8221;][et_pb_row column_structure=&#8221;2_5,3_5&#8243; _builder_version=&#8221;4.0.7&#8243;][et_pb_column type=&#8221;2_5&#8243; _builder_version=&#8221;4.0.7&#8243;][et_pb_image src=&#8221;https:\/\/formulandobeleza.com.br\/especial\/wp-content\/uploads\/2019\/11\/logo-fundo-transparente.png&#8221; align=&#8221;center&#8221; _builder_version=&#8221;4.0.7&#8243; width=&#8221;57%&#8221; module_alignment=&#8221;center&#8221; custom_margin=&#8221;|164px||||&#8221;][\/et_pb_image][\/et_pb_column][et_pb_column type=&#8221;3_5&#8243; _builder_version=&#8221;4.0.7&#8243;][et_pb_text _builder_version=&#8221;4.2.2&#8243; header_2_font=&#8221;|||on|||||&#8221; header_2_line_height=&#8221;1.5em&#8221;] COMO CONTROLAR A OLEOSIDADE, O BRILHO EXCESSIVO, CRAVOS E ESPINHAS DA SUA PELE em 15 dias USANDO F\u00d3RMULAS MANIPULADAS COM PRE\u00c7O ACESS\u00cdVEL [\/et_pb_text][\/et_pb_column][\/et_pb_row][\/et_pb_section][et_pb_section fb_built=&#8221;1&#8243; prev_background_color=&#8221;#ffffff&#8221; _builder_version=&#8221;4.0.7&#8243; background_color=&#8221;#f7f0c5&#8243; custom_padding=&#8221;93px||3px|||&#8221; top_divider_style=&#8221;clouds2&#8243;][et_pb_row _builder_version=&#8221;4.3.3&#8243; width=&#8221;67.8%&#8221;][et_pb_column _builder_version=&#8221;4.3.3&#8243; type=&#8221;4_4&#8243;][et_pb_video src=&#8221;https:\/\/formulandobeleza.com.br\/especial\/wp-content\/uploads\/2021\/03\/PELE-MISTA-E-ACNEICA.mp4&#8243; _builder_version=&#8221;4.3.3&#8243; hover_enabled=&#8221;0&#8243;][\/et_pb_video][et_pb_button [&hellip;]<\/p>\n","protected":false},"author":1,"featured_media":0,"parent":0,"menu_order":0,"comment_status":"closed","ping_status":"closed","template":"page-template-blank.php","meta":{"_et_pb_use_builder":"on","_et_pb_old_content":"","_et_gb_content_width":"","footnotes":""},"class_list":["post-366","page","type-page","status-publish","hentry"],"yoast_head":"<!-- This site is optimized with the Yoast SEO plugin v26.9 - https:\/\/yoast.com\/product\/yoast-seo-wordpress\/ -->\n<title>E-book: F\u00f3rmulas para Pele oleosa, mista e acneica - Formulando Beleza<\/title>\n<meta name=\"robots\" content=\"index, follow, max-snippet:-1, max-image-preview:large, max-video-preview:-1\" \/>\n<link rel=\"canonical\" href=\"https:\/\/formulandobeleza.com.br\/especial\/e-book-formulas-para-pele-oleosa-mista-e-acneica\/\" \/>\n<meta property=\"og:locale\" content=\"pt_BR\" \/>\n<meta property=\"og:type\" content=\"article\" \/>\n<meta property=\"og:title\" content=\"E-book: F\u00f3rmulas para Pele oleosa, mista e acneica - Formulando Beleza\" \/>\n<meta property=\"og:description\" content=\"[et_pb_section fb_built=&#8221;1&#8243; _builder_version=&#8221;4.0.7&#8243; custom_padding=&#8221;19px||4px|||&#8221;][et_pb_row column_structure=&#8221;2_5,3_5&#8243; _builder_version=&#8221;4.0.7&#8243;][et_pb_column type=&#8221;2_5&#8243; _builder_version=&#8221;4.0.7&#8243;][et_pb_image src=&#8221;https:\/\/formulandobeleza.com.br\/especial\/wp-content\/uploads\/2019\/11\/logo-fundo-transparente.png&#8221; align=&#8221;center&#8221; _builder_version=&#8221;4.0.7&#8243; width=&#8221;57%&#8221; module_alignment=&#8221;center&#8221; custom_margin=&#8221;|164px||||&#8221;][\/et_pb_image][\/et_pb_column][et_pb_column type=&#8221;3_5&#8243; _builder_version=&#8221;4.0.7&#8243;][et_pb_text _builder_version=&#8221;4.2.2&#8243; header_2_font=&#8221;|||on|||||&#8221; header_2_line_height=&#8221;1.5em&#8221;] COMO CONTROLAR A OLEOSIDADE, O BRILHO EXCESSIVO, CRAVOS E ESPINHAS DA SUA PELE em 15 dias USANDO F\u00d3RMULAS MANIPULADAS COM PRE\u00c7O ACESS\u00cdVEL [\/et_pb_text][\/et_pb_column][\/et_pb_row][\/et_pb_section][et_pb_section fb_built=&#8221;1&#8243; prev_background_color=&#8221;#ffffff&#8221; _builder_version=&#8221;4.0.7&#8243; background_color=&#8221;#f7f0c5&#8243; custom_padding=&#8221;93px||3px|||&#8221; top_divider_style=&#8221;clouds2&#8243;][et_pb_row _builder_version=&#8221;4.3.3&#8243; width=&#8221;67.8%&#8221;][et_pb_column _builder_version=&#8221;4.3.3&#8243; type=&#8221;4_4&#8243;][et_pb_video src=&#8221;https:\/\/formulandobeleza.com.br\/especial\/wp-content\/uploads\/2021\/03\/PELE-MISTA-E-ACNEICA.mp4&#8243; _builder_version=&#8221;4.3.3&#8243; hover_enabled=&#8221;0&#8243;][\/et_pb_video][et_pb_button [&hellip;]\" \/>\n<meta property=\"og:url\" content=\"https:\/\/formulandobeleza.com.br\/especial\/e-book-formulas-para-pele-oleosa-mista-e-acneica\/\" \/>\n<meta property=\"og:site_name\" content=\"Formulando Beleza\" \/>\n<meta property=\"article:modified_time\" content=\"2021-03-28T18:34:42+00:00\" \/>\n<meta name=\"twitter:card\" content=\"summary_large_image\" \/>\n<meta name=\"twitter:label1\" content=\"Est. tempo de leitura\" \/>\n\t<meta name=\"twitter:data1\" content=\"6 minutos\" \/>\n<script type=\"application\/ld+json\" class=\"yoast-schema-graph\">{\"@context\":\"https:\/\/schema.org\",\"@graph\":[{\"@type\":\"WebPage\",\"@id\":\"https:\/\/formulandobeleza.com.br\/especial\/e-book-formulas-para-pele-oleosa-mista-e-acneica\/\",\"url\":\"https:\/\/formulandobeleza.com.br\/especial\/e-book-formulas-para-pele-oleosa-mista-e-acneica\/\",\"name\":\"E-book: F\u00f3rmulas para Pele oleosa, mista e acneica - Formulando Beleza\",\"isPartOf\":{\"@id\":\"https:\/\/formulandobeleza.com.br\/especial\/#website\"},\"datePublished\":\"2020-02-04T19:09:27+00:00\",\"dateModified\":\"2021-03-28T18:34:42+00:00\",\"breadcrumb\":{\"@id\":\"https:\/\/formulandobeleza.com.br\/especial\/e-book-formulas-para-pele-oleosa-mista-e-acneica\/#breadcrumb\"},\"inLanguage\":\"pt-BR\",\"potentialAction\":[{\"@type\":\"ReadAction\",\"target\":[\"https:\/\/formulandobeleza.com.br\/especial\/e-book-formulas-para-pele-oleosa-mista-e-acneica\/\"]}]},{\"@type\":\"BreadcrumbList\",\"@id\":\"https:\/\/formulandobeleza.com.br\/especial\/e-book-formulas-para-pele-oleosa-mista-e-acneica\/#breadcrumb\",\"itemListElement\":[{\"@type\":\"ListItem\",\"position\":1,\"name\":\"In\u00edcio\",\"item\":\"https:\/\/formulandobeleza.com.br\/especial\/\"},{\"@type\":\"ListItem\",\"position\":2,\"name\":\"E-book: F\u00f3rmulas para Pele oleosa, mista e acneica\"}]},{\"@type\":\"WebSite\",\"@id\":\"https:\/\/formulandobeleza.com.br\/especial\/#website\",\"url\":\"https:\/\/formulandobeleza.com.br\/especial\/\",\"name\":\"Formulando Beleza\",\"description\":\"Sua pele, sua melhor forma!\",\"potentialAction\":[{\"@type\":\"SearchAction\",\"target\":{\"@type\":\"EntryPoint\",\"urlTemplate\":\"https:\/\/formulandobeleza.com.br\/especial\/?s={search_term_string}\"},\"query-input\":{\"@type\":\"PropertyValueSpecification\",\"valueRequired\":true,\"valueName\":\"search_term_string\"}}],\"inLanguage\":\"pt-BR\"}]}<\/script>\n<!-- \/ Yoast SEO plugin. -->","yoast_head_json":{"title":"E-book: F\u00f3rmulas para Pele oleosa, mista e acneica - Formulando Beleza","robots":{"index":"index","follow":"follow","max-snippet":"max-snippet:-1","max-image-preview":"max-image-preview:large","max-video-preview":"max-video-preview:-1"},"canonical":"https:\/\/formulandobeleza.com.br\/especial\/e-book-formulas-para-pele-oleosa-mista-e-acneica\/","og_locale":"pt_BR","og_type":"article","og_title":"E-book: F\u00f3rmulas para Pele oleosa, mista e acneica - Formulando Beleza","og_description":"[et_pb_section fb_built=&#8221;1&#8243; _builder_version=&#8221;4.0.7&#8243; custom_padding=&#8221;19px||4px|||&#8221;][et_pb_row column_structure=&#8221;2_5,3_5&#8243; _builder_version=&#8221;4.0.7&#8243;][et_pb_column type=&#8221;2_5&#8243; _builder_version=&#8221;4.0.7&#8243;][et_pb_image src=&#8221;https:\/\/formulandobeleza.com.br\/especial\/wp-content\/uploads\/2019\/11\/logo-fundo-transparente.png&#8221; align=&#8221;center&#8221; _builder_version=&#8221;4.0.7&#8243; width=&#8221;57%&#8221; module_alignment=&#8221;center&#8221; custom_margin=&#8221;|164px||||&#8221;][\/et_pb_image][\/et_pb_column][et_pb_column type=&#8221;3_5&#8243; _builder_version=&#8221;4.0.7&#8243;][et_pb_text _builder_version=&#8221;4.2.2&#8243; header_2_font=&#8221;|||on|||||&#8221; header_2_line_height=&#8221;1.5em&#8221;] COMO CONTROLAR A OLEOSIDADE, O BRILHO EXCESSIVO, CRAVOS E ESPINHAS DA SUA PELE em 15 dias USANDO F\u00d3RMULAS MANIPULADAS COM PRE\u00c7O ACESS\u00cdVEL [\/et_pb_text][\/et_pb_column][\/et_pb_row][\/et_pb_section][et_pb_section fb_built=&#8221;1&#8243; prev_background_color=&#8221;#ffffff&#8221; _builder_version=&#8221;4.0.7&#8243; background_color=&#8221;#f7f0c5&#8243; custom_padding=&#8221;93px||3px|||&#8221; top_divider_style=&#8221;clouds2&#8243;][et_pb_row _builder_version=&#8221;4.3.3&#8243; width=&#8221;67.8%&#8221;][et_pb_column _builder_version=&#8221;4.3.3&#8243; type=&#8221;4_4&#8243;][et_pb_video src=&#8221;https:\/\/formulandobeleza.com.br\/especial\/wp-content\/uploads\/2021\/03\/PELE-MISTA-E-ACNEICA.mp4&#8243; _builder_version=&#8221;4.3.3&#8243; hover_enabled=&#8221;0&#8243;][\/et_pb_video][et_pb_button [&hellip;]","og_url":"https:\/\/formulandobeleza.com.br\/especial\/e-book-formulas-para-pele-oleosa-mista-e-acneica\/","og_site_name":"Formulando Beleza","article_modified_time":"2021-03-28T18:34:42+00:00","twitter_card":"summary_large_image","twitter_misc":{"Est. tempo de leitura":"6 minutos"},"schema":{"@context":"https:\/\/schema.org","@graph":[{"@type":"WebPage","@id":"https:\/\/formulandobeleza.com.br\/especial\/e-book-formulas-para-pele-oleosa-mista-e-acneica\/","url":"https:\/\/formulandobeleza.com.br\/especial\/e-book-formulas-para-pele-oleosa-mista-e-acneica\/","name":"E-book: F\u00f3rmulas para Pele oleosa, mista e acneica - Formulando Beleza","isPartOf":{"@id":"https:\/\/formulandobeleza.com.br\/especial\/#website"},"datePublished":"2020-02-04T19:09:27+00:00","dateModified":"2021-03-28T18:34:42+00:00","breadcrumb":{"@id":"https:\/\/formulandobeleza.com.br\/especial\/e-book-formulas-para-pele-oleosa-mista-e-acneica\/#breadcrumb"},"inLanguage":"pt-BR","potentialAction":[{"@type":"ReadAction","target":["https:\/\/formulandobeleza.com.br\/especial\/e-book-formulas-para-pele-oleosa-mista-e-acneica\/"]}]},{"@type":"BreadcrumbList","@id":"https:\/\/formulandobeleza.com.br\/especial\/e-book-formulas-para-pele-oleosa-mista-e-acneica\/#breadcrumb","itemListElement":[{"@type":"ListItem","position":1,"name":"In\u00edcio","item":"https:\/\/formulandobeleza.com.br\/especial\/"},{"@type":"ListItem","position":2,"name":"E-book: F\u00f3rmulas para Pele oleosa, mista e acneica"}]},{"@type":"WebSite","@id":"https:\/\/formulandobeleza.com.br\/especial\/#website","url":"https:\/\/formulandobeleza.com.br\/especial\/","name":"Formulando Beleza","description":"Sua pele, sua melhor forma!","potentialAction":[{"@type":"SearchAction","target":{"@type":"EntryPoint","urlTemplate":"https:\/\/formulandobeleza.com.br\/especial\/?s={search_term_string}"},"query-input":{"@type":"PropertyValueSpecification","valueRequired":true,"valueName":"search_term_string"}}],"inLanguage":"pt-BR"}]}},"_links":{"self":[{"href":"https:\/\/formulandobeleza.com.br\/especial\/wp-json\/wp\/v2\/pages\/366","targetHints":{"allow":["GET"]}}],"collection":[{"href":"https:\/\/formulandobeleza.com.br\/especial\/wp-json\/wp\/v2\/pages"}],"about":[{"href":"https:\/\/formulandobeleza.com.br\/especial\/wp-json\/wp\/v2\/types\/page"}],"author":[{"embeddable":true,"href":"https:\/\/formulandobeleza.com.br\/especial\/wp-json\/wp\/v2\/users\/1"}],"replies":[{"embeddable":true,"href":"https:\/\/formulandobeleza.com.br\/especial\/wp-json\/wp\/v2\/comments?post=366"}],"version-history":[{"count":6,"href":"https:\/\/formulandobeleza.com.br\/especial\/wp-json\/wp\/v2\/pages\/366\/revisions"}],"predecessor-version":[{"id":650,"href":"https:\/\/formulandobeleza.com.br\/especial\/wp-json\/wp\/v2\/pages\/366\/revisions\/650"}],"wp:attachment":[{"href":"https:\/\/formulandobeleza.com.br\/especial\/wp-json\/wp\/v2\/media?parent=366"}],"curies":[{"name":"wp","href":"https:\/\/api.w.org\/{rel}","templated":true}]}}